{"id":7,"date":"2011-10-11T16:19:33","date_gmt":"2011-10-11T16:19:33","guid":{"rendered":"http:\/\/www.sv-blauweiss-siddinghausen.de\/?page_id=7"},"modified":"2025-11-17T21:03:21","modified_gmt":"2025-11-17T20:03:21","slug":"vorstand","status":"publish","type":"page","link":"https:\/\/sv.siddinghausen.de\/?page_id=7","title":{"rendered":"Vorstand"},"content":{"rendered":"<h4>1. Vorsitzender:<\/h4>\n<p>Friedbert Decker<\/p>\n<p>H\u00f6nkerfeld 8<\/p>\n<p>33142 B\u00fcren-Siddinghausen<\/p>\n<p>Tel.: 0171 4054867<\/p>\n<p>E-Mail:<\/p>\n<p><a href=\"mailto:sv@siddinghausen.de\">sv@siddinghausen.de<\/a><\/p>\n<h4>2. Vorsitzender:<\/h4>\n<p>Bernd Vonnahme<\/p>\n<p>33142 B\u00fcren-Siddinghausen<\/p>\n<p>E-Mail:<\/p>\n<p><a href=\"mailto:sv@siddinghausen.de\">sv@siddinghausen.de<\/a><\/p>\n<h4><strong>Gesch\u00e4ftf\u00fchrer:<\/strong><\/h4>\n<p>Michael Schm\u00fccker<\/p>\n<p>Am Spring 5<\/p>\n<p>33142 B\u00fcren-Siddinghausen<\/p>\n<p>Tel.: 02951\/ 964 5183<\/p>\n<p>E-Mail:<\/p>\n<p><a href=\"mailto:sv@siddinghausen.de\">sv@siddinghausen.de<\/a><\/p>\n<h4><strong>Fu\u00dfball-Abteilung:<\/strong><\/h4>\n<p>Philipp Helle<\/p>\n<p>G\u00e4rten 8<\/p>\n<p>33142 B\u00fcren-Siddinghausen<\/p>\n<p>Tel.: 0162\/3577345<\/p>\n<p>E-Mail:<\/p>\n<p><a href=\"mailto:sv@siddinghausen.de\">sv@siddinghausen.de<\/a><\/p>\n<p>&nbsp;<\/p>\n<p>Kassiererin: Marion Sch\u00fcth<\/p>\n<p>Fu\u00dfballobmann: Philipp Helle und David Westermeier<\/p>\n<p>Jugendobmann: David Feldmann und Sven Henneb\u00f6hl<\/p>\n<p>Schiedsrichterobmann: Dieter B\u00f6dger<\/p>\n<p>Frauenbeauftragte: Anna Meis<\/p>\n<p>Freizeit- u. Breitensportobfrau: Sabine Vonnahme<\/p>\n<p>AH-Obmann: Martin B\u00fcrger<\/p>\n<div id=\"skype_c2c_menu_container\" class=\"skype_c2c_menu_container\" style=\"display: none;\">\n<div class=\"skype_c2c_menu_click2call\"><a id=\"skype_c2c_menu_click2call_action\" class=\"skype_c2c_menu_click2call_action\"><\/a>Call<\/div>\n<div class=\"skype_c2c_menu_click2sms\"><a id=\"skype_c2c_menu_click2sms_action\" class=\"skype_c2c_menu_click2sms_action\"><\/a>Send SMS<\/div>\n<div class=\"skype_c2c_menu_add2skype\"><a id=\"skype_c2c_menu_add2skype_text\" class=\"skype_c2c_menu_add2skype_text\"><\/a>Add to Skype<\/div>\n<div class=\"skype_c2c_menu_toll_info\"><span class=\"skype_c2c_menu_toll_callcredit\">You&#8217;ll need Skype Credit<\/span><span class=\"skype_c2c_menu_toll_free\">Free via Skype<\/span><\/div>\n<\/div>\n","protected":false},"excerpt":{"rendered":"<p>1. Vorsitzender: Friedbert Decker H\u00f6nkerfeld 8 33142 B\u00fcren-Siddinghausen Tel.: 0171 4054867 E-Mail: sv@siddinghausen.de 2. Vorsitzender: Bernd Vonnahme 33142 B\u00fcren-Siddinghausen E-Mail: sv@siddinghausen.de Gesch\u00e4ftf\u00fchrer: Michael Schm\u00fccker Am Spring 5 33142 B\u00fcren-Siddinghausen Tel.: 02951\/ 964 5183 E-Mail:&#46;&#46;&#46;<\/p>\n","protected":false},"author":1,"featured_media":0,"parent":0,"menu_order":0,"comment_status":"closed","ping_status":"closed","template":"","meta":{"ngg_post_thumbnail":0,"footnotes":""},"class_list":["post-7","page","type-page","status-publish","hentry"],"jetpack_sharing_enabled":true,"_links":{"self":[{"href":"https:\/\/sv.siddinghausen.de\/index.php?rest_route=\/wp\/v2\/pages\/7","targetHints":{"allow":["GET"]}}],"collection":[{"href":"https:\/\/sv.siddinghausen.de\/index.php?rest_route=\/wp\/v2\/pages"}],"about":[{"href":"https:\/\/sv.siddinghausen.de\/index.php?rest_route=\/wp\/v2\/types\/page"}],"author":[{"embeddable":true,"href":"https:\/\/sv.siddinghausen.de\/index.php?rest_route=\/wp\/v2\/users\/1"}],"replies":[{"embeddable":true,"href":"https:\/\/sv.siddinghausen.de\/index.php?rest_route=%2Fwp%2Fv2%2Fcomments&post=7"}],"version-history":[{"count":6,"href":"https:\/\/sv.siddinghausen.de\/index.php?rest_route=\/wp\/v2\/pages\/7\/revisions"}],"predecessor-version":[{"id":2297,"href":"https:\/\/sv.siddinghausen.de\/index.php?rest_route=\/wp\/v2\/pages\/7\/revisions\/2297"}],"wp:attachment":[{"href":"https:\/\/sv.siddinghausen.de\/index.php?rest_route=%2Fwp%2Fv2%2Fmedia&parent=7"}],"curies":[{"name":"wp","href":"https:\/\/api.w.org\/{rel}","templated":true}]}}