{"id":300,"date":"2011-12-08T21:37:03","date_gmt":"2011-12-08T20:37:03","guid":{"rendered":"http:\/\/www.sv-blauweiss-siddinghausen.de\/?page_id=300"},"modified":"2025-11-13T12:11:40","modified_gmt":"2025-11-13T11:11:40","slug":"download","status":"publish","type":"page","link":"https:\/\/sv.siddinghausen.de\/?page_id=300","title":{"rendered":"Antr\u00e4ge"},"content":{"rendered":"<p>Beitrittserkl\u00e4rung f\u00fcr den Sportverein: <a href=\"https:\/\/sv.siddinghausen.de\/wp-content\/uploads\/2025\/11\/Beitrittserklaerung-ind.-SEPA-Lastschrift-incl.-DSGVO-2024.docx\">Beitrittserkl\u00e4rung ind. SEPA-Lastschrift incl. DSGVO 2024<\/a><br \/>\nBitte bitte per E-Mail an <a href=\"mailto:sv@siddinghausen.de\">sv@siddinghausen.de<\/a> oder an Michael Schm\u00fccker wenden.<\/p>\n<p>&nbsp;<\/p>\n<p>Passantr\u00e4ge f\u00fcr die Fu\u00dfball-Sparte bitte per E-Mail bei <a href=\"mailto:sv@siddinghausen.de\">sv@siddinghausen.de<\/a> erfragen.&nbsp;<\/p>\n<p>&nbsp;<\/p>\n","protected":false},"excerpt":{"rendered":"<p>Beitrittserkl\u00e4rung f\u00fcr den Sportverein: Beitrittserkl\u00e4rung ind. SEPA-Lastschrift incl. DSGVO 2024 Bitte bitte per E-Mail an sv@siddinghausen.de oder an Michael Schm\u00fccker wenden. &nbsp; Passantr\u00e4ge f\u00fcr die Fu\u00dfball-Sparte bitte per E-Mail bei sv@siddinghausen.de erfragen.&nbsp; &nbsp;<\/p>\n","protected":false},"author":2,"featured_media":0,"parent":0,"menu_order":0,"comment_status":"open","ping_status":"open","template":"","meta":{"ngg_post_thumbnail":0,"footnotes":""},"class_list":["post-300","page","type-page","status-publish","hentry"],"jetpack_sharing_enabled":true,"_links":{"self":[{"href":"https:\/\/sv.siddinghausen.de\/index.php?rest_route=\/wp\/v2\/pages\/300","targetHints":{"allow":["GET"]}}],"collection":[{"href":"https:\/\/sv.siddinghausen.de\/index.php?rest_route=\/wp\/v2\/pages"}],"about":[{"href":"https:\/\/sv.siddinghausen.de\/index.php?rest_route=\/wp\/v2\/types\/page"}],"author":[{"embeddable":true,"href":"https:\/\/sv.siddinghausen.de\/index.php?rest_route=\/wp\/v2\/users\/2"}],"replies":[{"embeddable":true,"href":"https:\/\/sv.siddinghausen.de\/index.php?rest_route=%2Fwp%2Fv2%2Fcomments&post=300"}],"version-history":[{"count":6,"href":"https:\/\/sv.siddinghausen.de\/index.php?rest_route=\/wp\/v2\/pages\/300\/revisions"}],"predecessor-version":[{"id":2293,"href":"https:\/\/sv.siddinghausen.de\/index.php?rest_route=\/wp\/v2\/pages\/300\/revisions\/2293"}],"wp:attachment":[{"href":"https:\/\/sv.siddinghausen.de\/index.php?rest_route=%2Fwp%2Fv2%2Fmedia&parent=300"}],"curies":[{"name":"wp","href":"https:\/\/api.w.org\/{rel}","templated":true}]}}