{"id":1628,"date":"2018-06-10T13:04:16","date_gmt":"2018-06-10T12:04:16","guid":{"rendered":"https:\/\/sv.siddinghausen.de\/?page_id=1628"},"modified":"2025-11-17T21:00:03","modified_gmt":"2025-11-17T20:00:03","slug":"impressum","status":"publish","type":"page","link":"https:\/\/sv.siddinghausen.de\/?page_id=1628","title":{"rendered":"Impressum"},"content":{"rendered":"<p>Anbieterkennzeichnung<\/p>\n<p>SV Blau-Wei\u00df Siddinghausen e.V.<\/p>\n<p>vertreten durch den Vorstand:<\/p>\n<p>Friedbert Decker, H\u00f6nkerfeld 8, 33142 B\u00fcren<\/p>\n<p>Michael Schm\u00fccker, Am Spring 5, 33142 B\u00fcren<\/p>\n<p>Telefon: 02951\/964 5183<\/p>\n<p>E-Mail: <a href=\"mailto:sv@siddinghausen.de\">sv@siddinghausen.de<\/a><\/p>\n<p>eingetragen im Vereinsregister des Amtsgerichts Paderborn unter Nr. 1048<\/p>\n<p>Verantwortlich f\u00fcr den Inhalt:<\/p>\n<p>Michael Schm\u00fccker<\/p>\n<p>Am Spring 5<\/p>\n<p>33142 B\u00fcren<\/p>\n","protected":false},"excerpt":{"rendered":"<p>Anbieterkennzeichnung SV Blau-Wei\u00df Siddinghausen e.V. vertreten durch den Vorstand: Friedbert Decker, H\u00f6nkerfeld 8, 33142 B\u00fcren Michael Schm\u00fccker, Am Spring 5, 33142 B\u00fcren Telefon: 02951\/964 5183 E-Mail: sv@siddinghausen.de eingetragen im Vereinsregister des Amtsgerichts Paderborn unter&#46;&#46;&#46;<\/p>\n","protected":false},"author":9,"featured_media":0,"parent":0,"menu_order":0,"comment_status":"closed","ping_status":"closed","template":"","meta":{"ngg_post_thumbnail":0,"footnotes":""},"class_list":["post-1628","page","type-page","status-publish","hentry"],"jetpack_sharing_enabled":true,"_links":{"self":[{"href":"https:\/\/sv.siddinghausen.de\/index.php?rest_route=\/wp\/v2\/pages\/1628","targetHints":{"allow":["GET"]}}],"collection":[{"href":"https:\/\/sv.siddinghausen.de\/index.php?rest_route=\/wp\/v2\/pages"}],"about":[{"href":"https:\/\/sv.siddinghausen.de\/index.php?rest_route=\/wp\/v2\/types\/page"}],"author":[{"embeddable":true,"href":"https:\/\/sv.siddinghausen.de\/index.php?rest_route=\/wp\/v2\/users\/9"}],"replies":[{"embeddable":true,"href":"https:\/\/sv.siddinghausen.de\/index.php?rest_route=%2Fwp%2Fv2%2Fcomments&post=1628"}],"version-history":[{"count":3,"href":"https:\/\/sv.siddinghausen.de\/index.php?rest_route=\/wp\/v2\/pages\/1628\/revisions"}],"predecessor-version":[{"id":2295,"href":"https:\/\/sv.siddinghausen.de\/index.php?rest_route=\/wp\/v2\/pages\/1628\/revisions\/2295"}],"wp:attachment":[{"href":"https:\/\/sv.siddinghausen.de\/index.php?rest_route=%2Fwp%2Fv2%2Fmedia&parent=1628"}],"curies":[{"name":"wp","href":"https:\/\/api.w.org\/{rel}","templated":true}]}}