{"id":13,"date":"2011-10-11T16:20:07","date_gmt":"2011-10-11T16:20:07","guid":{"rendered":"http:\/\/www.sv-blauweiss-siddinghausen.de\/?page_id=13"},"modified":"2023-08-18T08:18:45","modified_gmt":"2023-08-18T07:18:45","slug":"1-mannschaft","status":"publish","type":"page","link":"https:\/\/sv.siddinghausen.de\/?page_id=13","title":{"rendered":"1. Mannschaft"},"content":{"rendered":"<h5>Trainer: David Westermeier (0171-7575993) <\/h5>\n<p>Mannschaftsbild aus der Saison 2018\/19 mit Trainer Bastian Rehborn:<\/p>\n\n\n<figure class=\"wp-block-image size-large\"><img loading=\"lazy\" decoding=\"async\" width=\"750\" height=\"562\" src=\"https:\/\/sv.siddinghausen.de\/wp-content\/uploads\/2020\/06\/grafik.png\" alt=\"\" class=\"wp-image-1853\" srcset=\"https:\/\/sv.siddinghausen.de\/wp-content\/uploads\/2020\/06\/grafik.png 750w, https:\/\/sv.siddinghausen.de\/wp-content\/uploads\/2020\/06\/grafik-300x225.png 300w\" sizes=\"auto, (max-width: 750px) 100vw, 750px\" \/><\/figure>\n\n\n\n<figure class=\"wp-block-image size-large\"><img loading=\"lazy\" decoding=\"async\" width=\"1024\" height=\"556\" src=\"https:\/\/sv.siddinghausen.de\/wp-content\/uploads\/2020\/06\/Erste2-1024x556.jpg\" alt=\"\" class=\"wp-image-1861\" srcset=\"https:\/\/sv.siddinghausen.de\/wp-content\/uploads\/2020\/06\/Erste2-1024x556.jpg 1024w, https:\/\/sv.siddinghausen.de\/wp-content\/uploads\/2020\/06\/Erste2-300x163.jpg 300w, https:\/\/sv.siddinghausen.de\/wp-content\/uploads\/2020\/06\/Erste2-768x417.jpg 768w, https:\/\/sv.siddinghausen.de\/wp-content\/uploads\/2020\/06\/Erste2-1536x833.jpg 1536w, https:\/\/sv.siddinghausen.de\/wp-content\/uploads\/2020\/06\/Erste2.jpg 2048w\" sizes=\"auto, (max-width: 1024px) 100vw, 1024px\" \/><\/figure>\n\n\n\n<p>&nbsp;<strong>Werdegang unserer 1. Fu\u00dfballmannschaft<\/strong><\/p>\n\n\n\n<p>1946 <strong>Gr\u00fcndung<\/strong> einer Seniorenfu\u00dfballmannschaft, die in der 2. Kreisklasse B\u00fcren (unterste Spielklasse) spielt.<\/p>\n\n\n\n<p>1958 <strong>Meisterschaft<\/strong> nach den Aufstiegsspielen der zweigleisigen 2. Kreisklasse. Auf einen Aufstieg in die 1. Kreisklasse wurde aber verzichtet.<\/p>\n\n\n\n<p>1959 Gr\u00fcndung eines eigenen Sportvereins in Weine.<\/p>\n\n\n\n<p>1966 Umstruckturierung und Neueinrichtung der Kreisklassen. Ab jetzt spielen wir in der 3. Kreisklasse B\u00fcren.<\/p>\n\n\n\n<p>1976 <strong>Aufstieg <\/strong>in die 2. Kreisklasse<\/p>\n\n\n\n<p>1977 <strong>Aufstieg <\/strong>in die 1. Kreisklasse<\/p>\n\n\n\n<p>1982 <strong>Aufstieg <\/strong>in die Bezirksklasse<\/p>\n\n\n\n<p>1983 Abstieg in die Kreisliga A<\/p>\n\n\n\n<p>1984 Abstieg in die Kreisliga B<\/p>\n\n\n\n<p>1987 <strong>Aufstieg <\/strong>in die Kreisliga A<\/p>\n\n\n\n<p>1990 Abstieg in die Kreisliga B<\/p>\n\n\n\n<p>2002 <strong>Aufstieg <\/strong>in die Kreisliga A <\/p>\n\n\n\n<p>2003 Spielgemeinschaft mit der 1. Mannschaft des SVC Weine.<\/p>\n\n\n\n<p>2013 Zusammenschlu\u00df der beiden Sportkreise B\u00fcren und Paderborn in 2 zweigleisige Spielklassen der Kreisligen A + B.<\/p>\n","protected":false},"excerpt":{"rendered":"<p>Trainer: David Westermeier (0171-7575993) Mannschaftsbild aus der Saison 2018\/19 mit Trainer Bastian Rehborn: &nbsp;Werdegang unserer 1. Fu\u00dfballmannschaft 1946 Gr\u00fcndung einer Seniorenfu\u00dfballmannschaft, die in der 2. Kreisklasse B\u00fcren (unterste Spielklasse) spielt. 1958 Meisterschaft nach den&#46;&#46;&#46;<\/p>\n","protected":false},"author":1,"featured_media":0,"parent":11,"menu_order":0,"comment_status":"closed","ping_status":"closed","template":"","meta":{"ngg_post_thumbnail":0,"footnotes":""},"class_list":["post-13","page","type-page","status-publish","hentry"],"jetpack_sharing_enabled":true,"_links":{"self":[{"href":"https:\/\/sv.siddinghausen.de\/index.php?rest_route=\/wp\/v2\/pages\/13","targetHints":{"allow":["GET"]}}],"collection":[{"href":"https:\/\/sv.siddinghausen.de\/index.php?rest_route=\/wp\/v2\/pages"}],"about":[{"href":"https:\/\/sv.siddinghausen.de\/index.php?rest_route=\/wp\/v2\/types\/page"}],"author":[{"embeddable":true,"href":"https:\/\/sv.siddinghausen.de\/index.php?rest_route=\/wp\/v2\/users\/1"}],"replies":[{"embeddable":true,"href":"https:\/\/sv.siddinghausen.de\/index.php?rest_route=%2Fwp%2Fv2%2Fcomments&post=13"}],"version-history":[{"count":5,"href":"https:\/\/sv.siddinghausen.de\/index.php?rest_route=\/wp\/v2\/pages\/13\/revisions"}],"predecessor-version":[{"id":2243,"href":"https:\/\/sv.siddinghausen.de\/index.php?rest_route=\/wp\/v2\/pages\/13\/revisions\/2243"}],"up":[{"embeddable":true,"href":"https:\/\/sv.siddinghausen.de\/index.php?rest_route=\/wp\/v2\/pages\/11"}],"wp:attachment":[{"href":"https:\/\/sv.siddinghausen.de\/index.php?rest_route=%2Fwp%2Fv2%2Fmedia&parent=13"}],"curies":[{"name":"wp","href":"https:\/\/api.w.org\/{rel}","templated":true}]}}